{"id":328,"date":"2023-09-17T17:02:50","date_gmt":"2023-09-17T17:02:50","guid":{"rendered":"https:\/\/pim-montage.de\/?page_id=328"},"modified":"2023-09-17T17:23:55","modified_gmt":"2023-09-17T17:23:55","slug":"pim-gmbh-innovation-qualitat-und-kompetenz","status":"publish","type":"page","link":"https:\/\/pim-montage.de\/index.php\/pim-gmbh-innovation-qualitat-und-kompetenz\/","title":{"rendered":"PIM GmbH &#8211; Innovation, Qualit\u00e4t und Kompetenz"},"content":{"rendered":"\n<p>Unsere Name steht f\u00fcr Innovation, Qualit\u00e4t und Kompetenz f\u00fcr individuelle L\u00f6sungen in der Industrie, Gewerbe- und Privatsektor.<\/p>\n","protected":false},"excerpt":{"rendered":"<p>Unsere Name steht f\u00fcr Innovation, Qualit\u00e4t und Kompetenz f\u00fcr individuelle L\u00f6sungen in der Industrie, Gewerbe- und Privatsektor.<\/p>\n","protected":false},"author":1,"featured_media":338,"parent":0,"menu_order":0,"comment_status":"closed","ping_status":"closed","template":"","meta":{"footnotes":""},"class_list":["post-328","page","type-page","status-publish","has-post-thumbnail","hentry"],"_links":{"self":[{"href":"https:\/\/pim-montage.de\/index.php\/wp-json\/wp\/v2\/pages\/328","targetHints":{"allow":["GET"]}}],"collection":[{"href":"https:\/\/pim-montage.de\/index.php\/wp-json\/wp\/v2\/pages"}],"about":[{"href":"https:\/\/pim-montage.de\/index.php\/wp-json\/wp\/v2\/types\/page"}],"author":[{"embeddable":true,"href":"https:\/\/pim-montage.de\/index.php\/wp-json\/wp\/v2\/users\/1"}],"replies":[{"embeddable":true,"href":"https:\/\/pim-montage.de\/index.php\/wp-json\/wp\/v2\/comments?post=328"}],"version-history":[{"count":1,"href":"https:\/\/pim-montage.de\/index.php\/wp-json\/wp\/v2\/pages\/328\/revisions"}],"predecessor-version":[{"id":330,"href":"https:\/\/pim-montage.de\/index.php\/wp-json\/wp\/v2\/pages\/328\/revisions\/330"}],"wp:featuredmedia":[{"embeddable":true,"href":"https:\/\/pim-montage.de\/index.php\/wp-json\/wp\/v2\/media\/338"}],"wp:attachment":[{"href":"https:\/\/pim-montage.de\/index.php\/wp-json\/wp\/v2\/media?parent=328"}],"curies":[{"name":"wp","href":"https:\/\/api.w.org\/{rel}","templated":true}]}}